{"id":11737,"date":"2021-02-10T09:17:43","date_gmt":"2021-02-10T08:17:43","guid":{"rendered":"https:\/\/agiliacenter.com\/?page_id=11737"},"modified":"2021-05-28T08:45:28","modified_gmt":"2021-05-28T07:45:28","slug":"proyectos-booboo","status":"publish","type":"page","link":"https:\/\/agiliacenter.com\/en\/proyectos-booboo\/","title":{"rendered":"BooBoo | Los proyectos de Agilia Center"},"content":{"rendered":"<div data-elementor-type=\"wp-page\" data-elementor-id=\"11737\" class=\"elementor elementor-11737\">\n\t\t\t\t\t\t<section class=\"elementor-section elementor-top-section elementor-element elementor-element-33ccb9da elementor-section-content-middle elementor-section-full_width elementor-section-stretched elementor-section-height-default elementor-section-height-default\" data-id=\"33ccb9da\" data-element_type=\"section\" data-settings=\"{&quot;background_background&quot;:&quot;classic&quot;,&quot;stretch_section&quot;:&quot;section-stretched&quot;}\">\n\t\t\t\t\t\t<div class=\"elementor-container elementor-column-gap-no\">\n\t\t\t\t\t<div class=\"elementor-column elementor-col-50 elementor-top-column elementor-element elementor-element-29b000c4\" data-id=\"29b000c4\" data-element_type=\"column\" data-settings=\"{&quot;starto_ext_is_scrollme&quot;:&quot;false&quot;,&quot;starto_ext_is_smoove&quot;:&quot;false&quot;,&quot;starto_ext_is_parallax_mouse&quot;:&quot;false&quot;,&quot;starto_ext_is_infinite&quot;:&quot;false&quot;}\">\n\t\t\t<div class=\"elementor-widget-wrap elementor-element-populated\">\n\t\t\t\t\t\t<div class=\"elementor-element elementor-element-5ba03c49 elementor-widget elementor-widget-heading\" data-id=\"5ba03c49\" data-element_type=\"widget\" data-settings=\"{&quot;starto_ext_is_scrollme&quot;:&quot;false&quot;,&quot;starto_ext_is_smoove&quot;:&quot;false&quot;,&quot;starto_ext_is_parallax_mouse&quot;:&quot;false&quot;,&quot;starto_ext_is_infinite&quot;:&quot;false&quot;}\" data-widget_type=\"heading.default\">\n\t\t\t\t<div class=\"elementor-widget-container\">\n\t\t\t\t\t<h4 class=\"elementor-heading-title elementor-size-default\">BooBoo<\/h4>\t\t\t\t<\/div>\n\t\t\t\t<\/div>\n\t\t\t\t<div class=\"elementor-element elementor-element-7de64c78 elementor-widget elementor-widget-text-editor\" data-id=\"7de64c78\" data-element_type=\"widget\" data-settings=\"{&quot;starto_ext_is_scrollme&quot;:&quot;false&quot;,&quot;starto_ext_is_smoove&quot;:&quot;false&quot;,&quot;starto_ext_is_parallax_mouse&quot;:&quot;false&quot;,&quot;starto_ext_is_infinite&quot;:&quot;false&quot;}\" data-widget_type=\"text-editor.default\">\n\t\t\t\t<div class=\"elementor-widget-container\">\n\t\t\t\t\t\t\t\t\t<p>Booboo is a comprehensive shipping management panel. In the panel you can generate new shipments and follow the complete process, as well as review, in almost real time, the individual status of each of the generated shipments.<\/p>\t\t\t\t\t\t\t\t<\/div>\n\t\t\t\t<\/div>\n\t\t\t\t<div class=\"elementor-element elementor-element-68a7f307 elementor-widget elementor-widget-text-editor\" data-id=\"68a7f307\" data-element_type=\"widget\" data-settings=\"{&quot;starto_ext_is_scrollme&quot;:&quot;false&quot;,&quot;starto_ext_is_smoove&quot;:&quot;false&quot;,&quot;starto_ext_is_parallax_mouse&quot;:&quot;false&quot;,&quot;starto_ext_is_infinite&quot;:&quot;false&quot;}\" data-widget_type=\"text-editor.default\">\n\t\t\t\t<div class=\"elementor-widget-container\">\n\t\t\t\t\t\t\t\t\t<p>In addition, it also allows connection with different CMS to manage shipments from online stores through the platform. During the creation of the shipment, an algorithm based on multiple factors will determine which provider, of those enabled in the system, is the most suitable for the customer.<\/p><p>In the administration part, all shipments are managed as well as everything related to the registration process and customer monitoring.<\/p>\t\t\t\t\t\t\t\t<\/div>\n\t\t\t\t<\/div>\n\t\t\t\t\t<\/div>\n\t\t<\/div>\n\t\t\t\t<div class=\"elementor-column elementor-col-50 elementor-top-column elementor-element elementor-element-318bce40\" data-id=\"318bce40\" data-element_type=\"column\" data-settings=\"{&quot;starto_ext_is_scrollme&quot;:&quot;false&quot;,&quot;starto_ext_is_smoove&quot;:&quot;false&quot;,&quot;starto_ext_is_parallax_mouse&quot;:&quot;false&quot;,&quot;starto_ext_is_infinite&quot;:&quot;false&quot;}\">\n\t\t\t<div class=\"elementor-widget-wrap elementor-element-populated\">\n\t\t\t\t\t\t<div class=\"elementor-element elementor-element-65af147d elementor-arrows-position-inside elementor-pagination-position-outside elementor-widget elementor-widget-image-carousel\" data-id=\"65af147d\" data-element_type=\"widget\" data-settings=\"{&quot;slides_to_show&quot;:&quot;1&quot;,&quot;navigation&quot;:&quot;both&quot;,&quot;autoplay&quot;:&quot;yes&quot;,&quot;pause_on_hover&quot;:&quot;yes&quot;,&quot;pause_on_interaction&quot;:&quot;yes&quot;,&quot;autoplay_speed&quot;:5000,&quot;infinite&quot;:&quot;yes&quot;,&quot;effect&quot;:&quot;slide&quot;,&quot;speed&quot;:500,&quot;starto_ext_is_scrollme&quot;:&quot;false&quot;,&quot;starto_ext_is_smoove&quot;:&quot;false&quot;,&quot;starto_ext_is_parallax_mouse&quot;:&quot;false&quot;,&quot;starto_ext_is_infinite&quot;:&quot;false&quot;}\" data-widget_type=\"image-carousel.default\">\n\t\t\t\t<div class=\"elementor-widget-container\">\n\t\t\t\t\t\t\t<div class=\"elementor-image-carousel-wrapper swiper\" role=\"region\" aria-roledescription=\"carousel\" aria-label=\"Carrusel de im\u00e1genes\" dir=\"ltr\">\n\t\t\t<div class=\"elementor-image-carousel swiper-wrapper\" aria-live=\"off\">\n\t\t\t\t\t\t\t\t<div class=\"swiper-slide\" role=\"group\" aria-roledescription=\"slide\" aria-label=\"1 de 4\"><figure class=\"swiper-slide-inner\"><img decoding=\"async\" class=\"swiper-slide-image\" src=\"https:\/\/agiliacenter.com\/wp-content\/uploads\/2021\/04\/booboo1-min-1024x816.png\" alt=\"booboo1-min\" \/><\/figure><\/div><div class=\"swiper-slide\" role=\"group\" aria-roledescription=\"slide\" aria-label=\"2 de 4\"><figure class=\"swiper-slide-inner\"><img decoding=\"async\" class=\"swiper-slide-image\" src=\"https:\/\/agiliacenter.com\/wp-content\/uploads\/2021\/04\/booboo2-min-1024x816.png\" alt=\"booboo2-min\" \/><\/figure><\/div><div class=\"swiper-slide\" role=\"group\" aria-roledescription=\"slide\" aria-label=\"3 de 4\"><figure class=\"swiper-slide-inner\"><img decoding=\"async\" class=\"swiper-slide-image\" src=\"https:\/\/agiliacenter.com\/wp-content\/uploads\/2021\/04\/booboo3-min-1024x816.png\" alt=\"booboo3-min\" \/><\/figure><\/div><div class=\"swiper-slide\" role=\"group\" aria-roledescription=\"slide\" aria-label=\"4 de 4\"><figure class=\"swiper-slide-inner\"><img decoding=\"async\" class=\"swiper-slide-image\" src=\"https:\/\/agiliacenter.com\/wp-content\/uploads\/2021\/04\/booboo4-min-1024x816.png\" alt=\"booboo4-min\" \/><\/figure><\/div>\t\t\t<\/div>\n\t\t\t\t\t\t\t\t\t\t\t\t<div class=\"elementor-swiper-button elementor-swiper-button-prev\" role=\"button\" tabindex=\"0\">\n\t\t\t\t\t\t<i aria-hidden=\"true\" class=\"eicon-chevron-left\"><\/i>\t\t\t\t\t<\/div>\n\t\t\t\t\t<div class=\"elementor-swiper-button elementor-swiper-button-next\" role=\"button\" tabindex=\"0\">\n\t\t\t\t\t\t<i aria-hidden=\"true\" class=\"eicon-chevron-right\"><\/i>\t\t\t\t\t<\/div>\n\t\t\t\t\n\t\t\t\t\t\t\t\t\t<div class=\"swiper-pagination\"><\/div>\n\t\t\t\t\t\t\t\t\t<\/div>\n\t\t\t\t\t\t<\/div>\n\t\t\t\t<\/div>\n\t\t\t\t\t<\/div>\n\t\t<\/div>\n\t\t\t\t\t<\/div>\n\t\t<\/section>\n\t\t\t\t<section class=\"elementor-section elementor-top-section elementor-element elementor-element-2e032618 elementor-section-content-middle elementor-section-boxed elementor-section-height-default elementor-section-height-default\" data-id=\"2e032618\" data-element_type=\"section\">\n\t\t\t\t\t\t<div class=\"elementor-container elementor-column-gap-no\">\n\t\t\t\t\t<div class=\"elementor-column elementor-col-100 elementor-top-column elementor-element elementor-element-513fa441\" data-id=\"513fa441\" data-element_type=\"column\" data-settings=\"{&quot;starto_ext_is_scrollme&quot;:&quot;false&quot;,&quot;starto_ext_is_smoove&quot;:&quot;false&quot;,&quot;starto_ext_is_parallax_mouse&quot;:&quot;false&quot;,&quot;starto_ext_is_infinite&quot;:&quot;false&quot;}\">\n\t\t\t<div class=\"elementor-widget-wrap elementor-element-populated\">\n\t\t\t\t\t\t<div class=\"elementor-element elementor-element-55e2ffd0 elementor-widget elementor-widget-heading\" data-id=\"55e2ffd0\" data-element_type=\"widget\" data-settings=\"{&quot;starto_ext_is_scrollme&quot;:&quot;false&quot;,&quot;starto_ext_is_smoove&quot;:&quot;false&quot;,&quot;starto_ext_is_parallax_mouse&quot;:&quot;false&quot;,&quot;starto_ext_is_infinite&quot;:&quot;false&quot;}\" data-widget_type=\"heading.default\">\n\t\t\t\t<div class=\"elementor-widget-container\">\n\t\t\t\t\t<h4 class=\"elementor-heading-title elementor-size-default\">Technologies and frameworks used<\/h4>\t\t\t\t<\/div>\n\t\t\t\t<\/div>\n\t\t\t\t<div class=\"elementor-element elementor-element-bb88efe elementor-arrows-position-inside elementor-pagination-position-outside elementor-widget elementor-widget-image-carousel\" data-id=\"bb88efe\" data-element_type=\"widget\" data-settings=\"{&quot;slides_to_show&quot;:&quot;5&quot;,&quot;navigation&quot;:&quot;both&quot;,&quot;autoplay&quot;:&quot;yes&quot;,&quot;pause_on_hover&quot;:&quot;yes&quot;,&quot;pause_on_interaction&quot;:&quot;yes&quot;,&quot;autoplay_speed&quot;:5000,&quot;infinite&quot;:&quot;yes&quot;,&quot;speed&quot;:500,&quot;starto_ext_is_scrollme&quot;:&quot;false&quot;,&quot;starto_ext_is_smoove&quot;:&quot;false&quot;,&quot;starto_ext_is_parallax_mouse&quot;:&quot;false&quot;,&quot;starto_ext_is_infinite&quot;:&quot;false&quot;}\" data-widget_type=\"image-carousel.default\">\n\t\t\t\t<div class=\"elementor-widget-container\">\n\t\t\t\t\t\t\t<div class=\"elementor-image-carousel-wrapper swiper\" role=\"region\" aria-roledescription=\"carousel\" aria-label=\"Carrusel de im\u00e1genes\" dir=\"ltr\">\n\t\t\t<div class=\"elementor-image-carousel swiper-wrapper\" aria-live=\"off\">\n\t\t\t\t\t\t\t\t<div class=\"swiper-slide\" role=\"group\" aria-roledescription=\"slide\" aria-label=\"1 de 9\"><figure class=\"swiper-slide-inner\"><img decoding=\"async\" class=\"swiper-slide-image\" src=\"https:\/\/agiliacenter.com\/wp-content\/uploads\/elementor\/thumbs\/nodejs-r1cqcy7kbjajxkypduvpsvink1lqf5skjvhox5m9yg.png\" alt=\"nodejs\" \/><\/figure><\/div><div class=\"swiper-slide\" role=\"group\" aria-roledescription=\"slide\" aria-label=\"2 de 9\"><figure class=\"swiper-slide-inner\"><img decoding=\"async\" class=\"swiper-slide-image\" src=\"https:\/\/agiliacenter.com\/wp-content\/uploads\/elementor\/thumbs\/angular-226066-r1cqcnvc8cwedvdq28etjg4l0t0p2hniugbcn41luw.png\" alt=\"angular-226066\" \/><\/figure><\/div><div class=\"swiper-slide\" role=\"group\" aria-roledescription=\"slide\" aria-label=\"3 de 9\"><figure class=\"swiper-slide-inner\"><img decoding=\"async\" class=\"swiper-slide-image\" src=\"https:\/\/agiliacenter.com\/wp-content\/uploads\/elementor\/thumbs\/scss-e1612870846615-r1cqk2ti5b1tz4lyrfsv7krhq8gxsj3aj5l8xp1srs.png\" alt=\"scss\" \/><\/figure><\/div><div class=\"swiper-slide\" role=\"group\" aria-roledescription=\"slide\" aria-label=\"4 de 9\"><figure class=\"swiper-slide-inner\"><img decoding=\"async\" class=\"swiper-slide-image\" src=\"https:\/\/agiliacenter.com\/wp-content\/uploads\/elementor\/thumbs\/Serverless-p2nfsox5fpbkt94x10tsqw8kj9aut3fcdhsp2vdf54.png\" alt=\"Serverless\" \/><\/figure><\/div><div class=\"swiper-slide\" role=\"group\" aria-roledescription=\"slide\" aria-label=\"5 de 9\"><figure class=\"swiper-slide-inner\"><img decoding=\"async\" class=\"swiper-slide-image\" src=\"https:\/\/agiliacenter.com\/wp-content\/uploads\/elementor\/thumbs\/postgresql-r1cq7hran5tmj2w28zyotr3beii0qf4o4v57mbpk2w.png\" alt=\"postgresql\" \/><\/figure><\/div><div class=\"swiper-slide\" role=\"group\" aria-roledescription=\"slide\" aria-label=\"6 de 9\"><figure class=\"swiper-slide-inner\"><img decoding=\"async\" class=\"swiper-slide-image\" src=\"https:\/\/agiliacenter.com\/wp-content\/uploads\/elementor\/thumbs\/api-1-r1cqjk0qcmc3ixd9t7obtpi9uj1lil0nskjjc5to88.png\" alt=\"api-1\" \/><\/figure><\/div><div class=\"swiper-slide\" role=\"group\" aria-roledescription=\"slide\" aria-label=\"7 de 9\"><figure class=\"swiper-slide-inner\"><img decoding=\"async\" class=\"swiper-slide-image\" src=\"https:\/\/agiliacenter.com\/wp-content\/uploads\/elementor\/thumbs\/AI-r1cq7a8l4hjby76zgwpo9szmnfj30uatftxbs40pgo.png\" alt=\"AI\" \/><\/figure><\/div><div class=\"swiper-slide\" role=\"group\" aria-roledescription=\"slide\" aria-label=\"8 de 9\"><figure class=\"swiper-slide-inner\"><img decoding=\"async\" class=\"swiper-slide-image\" src=\"https:\/\/agiliacenter.com\/wp-content\/uploads\/elementor\/thumbs\/Prestashop-r1cq6qhz4ysb6dzno66ibfyy6c8dj74gd484patz3c.png\" alt=\"Prestashop\" \/><\/figure><\/div><div class=\"swiper-slide\" role=\"group\" aria-roledescription=\"slide\" aria-label=\"9 de 9\"><figure class=\"swiper-slide-inner\"><img decoding=\"async\" class=\"swiper-slide-image\" src=\"https:\/\/agiliacenter.com\/wp-content\/uploads\/elementor\/thumbs\/woocommerce-icon-r1cq78cwqtgraz9prvwf4tgpgnsclg3crkmctk3ht4.png\" alt=\"woocommerce-icon\" \/><\/figure><\/div>\t\t\t<\/div>\n\t\t\t\t\t\t\t\t\t\t\t\t<div class=\"elementor-swiper-button elementor-swiper-button-prev\" role=\"button\" tabindex=\"0\">\n\t\t\t\t\t\t<i aria-hidden=\"true\" class=\"eicon-chevron-left\"><\/i>\t\t\t\t\t<\/div>\n\t\t\t\t\t<div class=\"elementor-swiper-button elementor-swiper-button-next\" role=\"button\" tabindex=\"0\">\n\t\t\t\t\t\t<i aria-hidden=\"true\" class=\"eicon-chevron-right\"><\/i>\t\t\t\t\t<\/div>\n\t\t\t\t\n\t\t\t\t\t\t\t\t\t<div class=\"swiper-pagination\"><\/div>\n\t\t\t\t\t\t\t\t\t<\/div>\n\t\t\t\t\t\t<\/div>\n\t\t\t\t<\/div>\n\t\t\t\t\t<\/div>\n\t\t<\/div>\n\t\t\t\t\t<\/div>\n\t\t<\/section>\n\t\t\t\t<section class=\"elementor-section elementor-top-section elementor-element elementor-element-52c5b1d elementor-section-content-middle elementor-section-stretched elementor-section-boxed elementor-section-height-default elementor-section-height-default\" data-id=\"52c5b1d\" data-element_type=\"section\" data-settings=\"{&quot;background_background&quot;:&quot;classic&quot;,&quot;stretch_section&quot;:&quot;section-stretched&quot;}\">\n\t\t\t\t\t\t<div class=\"elementor-container elementor-column-gap-no\">\n\t\t\t\t\t<div class=\"elementor-column elementor-col-50 elementor-top-column elementor-element elementor-element-59a1ccbf\" data-id=\"59a1ccbf\" data-element_type=\"column\" data-settings=\"{&quot;starto_ext_is_scrollme&quot;:&quot;false&quot;,&quot;starto_ext_is_smoove&quot;:&quot;false&quot;,&quot;starto_ext_is_parallax_mouse&quot;:&quot;false&quot;,&quot;starto_ext_is_infinite&quot;:&quot;false&quot;}\">\n\t\t\t<div class=\"elementor-widget-wrap elementor-element-populated\">\n\t\t\t\t\t\t<div class=\"elementor-element elementor-element-16ee5eeb elementor-widget elementor-widget-image\" data-id=\"16ee5eeb\" data-element_type=\"widget\" data-settings=\"{&quot;starto_ext_is_scrollme&quot;:&quot;false&quot;,&quot;starto_ext_is_smoove&quot;:&quot;false&quot;,&quot;starto_ext_is_parallax_mouse&quot;:&quot;false&quot;,&quot;starto_ext_is_infinite&quot;:&quot;false&quot;}\" data-widget_type=\"image.default\">\n\t\t\t\t<div class=\"elementor-widget-container\">\n\t\t\t\t\t\t\t\t\t\t\t\t\t\t\t<img fetchpriority=\"high\" decoding=\"async\" width=\"532\" height=\"348\" src=\"https:\/\/agiliacenter.com\/wp-content\/uploads\/2020\/12\/2-2.png\" class=\"attachment-full size-full wp-image-11032\" alt=\"\" srcset=\"https:\/\/agiliacenter.com\/wp-content\/uploads\/2020\/12\/2-2.png 532w, https:\/\/agiliacenter.com\/wp-content\/uploads\/2020\/12\/2-2-300x196.png 300w, https:\/\/agiliacenter.com\/wp-content\/uploads\/2020\/12\/2-2-440x288.png 440w\" sizes=\"(max-width: 532px) 100vw, 532px\" \/>\t\t\t\t\t\t\t\t\t\t\t\t\t\t\t<\/div>\n\t\t\t\t<\/div>\n\t\t\t\t\t<\/div>\n\t\t<\/div>\n\t\t\t\t<div class=\"elementor-column elementor-col-50 elementor-top-column elementor-element elementor-element-a16989f\" data-id=\"a16989f\" data-element_type=\"column\" data-settings=\"{&quot;starto_ext_is_scrollme&quot;:&quot;false&quot;,&quot;starto_ext_is_smoove&quot;:&quot;false&quot;,&quot;starto_ext_is_parallax_mouse&quot;:&quot;false&quot;,&quot;starto_ext_is_infinite&quot;:&quot;false&quot;}\">\n\t\t\t<div class=\"elementor-widget-wrap elementor-element-populated\">\n\t\t\t\t\t\t<div class=\"elementor-element elementor-element-3bb446df elementor-widget elementor-widget-heading\" data-id=\"3bb446df\" data-element_type=\"widget\" data-settings=\"{&quot;starto_ext_is_scrollme&quot;:&quot;false&quot;,&quot;starto_ext_is_smoove&quot;:&quot;false&quot;,&quot;starto_ext_is_parallax_mouse&quot;:&quot;false&quot;,&quot;starto_ext_is_infinite&quot;:&quot;false&quot;}\" data-widget_type=\"heading.default\">\n\t\t\t\t<div class=\"elementor-widget-container\">\n\t\t\t\t\t<h4 class=\"elementor-heading-title elementor-size-default\">The importance of the Agile methodology<\/h4>\t\t\t\t<\/div>\n\t\t\t\t<\/div>\n\t\t\t\t<div class=\"elementor-element elementor-element-1ef1d84a elementor-widget-divider--view-line elementor-widget elementor-widget-divider\" data-id=\"1ef1d84a\" data-element_type=\"widget\" data-settings=\"{&quot;starto_ext_is_scrollme&quot;:&quot;false&quot;,&quot;starto_ext_is_smoove&quot;:&quot;false&quot;,&quot;starto_ext_is_parallax_mouse&quot;:&quot;false&quot;,&quot;starto_ext_is_infinite&quot;:&quot;false&quot;}\" data-widget_type=\"divider.default\">\n\t\t\t\t<div class=\"elementor-widget-container\">\n\t\t\t\t\t\t\t<div class=\"elementor-divider\">\n\t\t\t<span class=\"elementor-divider-separator\">\n\t\t\t\t\t\t<\/span>\n\t\t<\/div>\n\t\t\t\t\t\t<\/div>\n\t\t\t\t<\/div>\n\t\t\t\t<div class=\"elementor-element elementor-element-931ef1a elementor-widget elementor-widget-text-editor\" data-id=\"931ef1a\" data-element_type=\"widget\" data-settings=\"{&quot;starto_ext_is_scrollme&quot;:&quot;false&quot;,&quot;starto_ext_is_smoove&quot;:&quot;false&quot;,&quot;starto_ext_is_parallax_mouse&quot;:&quot;false&quot;,&quot;starto_ext_is_infinite&quot;:&quot;false&quot;}\" data-widget_type=\"text-editor.default\">\n\t\t\t\t<div class=\"elementor-widget-container\">\n\t\t\t\t\t\t\t\t\t<p class=\"translation-block\"><b> The objectives and needs of the client should always come first. <\/b><b> Agilia<\/b> <b> accompanies the implementation of the Agile methodology based on SCRUM adapted to the client's needs and focused on the key factors: <\/b><\/p><ul><li><b>Scrum in the context of the organization<\/b><\/li><li><b>Division of labor into iterations<\/b><\/li><li><b>Well established roles<\/b><\/li><li><b>Transparency in the organization<\/b><\/li><\/ul>\t\t\t\t\t\t\t\t<\/div>\n\t\t\t\t<\/div>\n\t\t\t\t\t<\/div>\n\t\t<\/div>\n\t\t\t\t\t<\/div>\n\t\t<\/section>\n\t\t\t\t<section class=\"elementor-section elementor-top-section elementor-element elementor-element-7087ddbc elementor-section-stretched elementor-section-boxed elementor-section-height-default elementor-section-height-default\" data-id=\"7087ddbc\" data-element_type=\"section\" data-settings=\"{&quot;stretch_section&quot;:&quot;section-stretched&quot;}\">\n\t\t\t\t\t\t<div class=\"elementor-container elementor-column-gap-default\">\n\t\t\t\t\t<div class=\"elementor-column elementor-col-100 elementor-top-column elementor-element elementor-element-64e0a18a\" data-id=\"64e0a18a\" data-element_type=\"column\" data-settings=\"{&quot;starto_ext_is_scrollme&quot;:&quot;false&quot;,&quot;starto_ext_is_smoove&quot;:&quot;false&quot;,&quot;starto_ext_is_parallax_mouse&quot;:&quot;false&quot;,&quot;starto_ext_is_infinite&quot;:&quot;false&quot;}\">\n\t\t\t<div class=\"elementor-widget-wrap elementor-element-populated\">\n\t\t\t\t\t\t<div class=\"elementor-element elementor-element-3a3df0b8 elementor-widget elementor-widget-spacer\" data-id=\"3a3df0b8\" data-element_type=\"widget\" data-settings=\"{&quot;starto_ext_is_scrollme&quot;:&quot;false&quot;,&quot;starto_ext_is_smoove&quot;:&quot;false&quot;,&quot;starto_ext_is_parallax_mouse&quot;:&quot;false&quot;,&quot;starto_ext_is_infinite&quot;:&quot;false&quot;}\" data-widget_type=\"spacer.default\">\n\t\t\t\t<div class=\"elementor-widget-container\">\n\t\t\t\t\t\t\t<div class=\"elementor-spacer\">\n\t\t\t<div class=\"elementor-spacer-inner\"><\/div>\n\t\t<\/div>\n\t\t\t\t\t\t<\/div>\n\t\t\t\t<\/div>\n\t\t\t\t\t<\/div>\n\t\t<\/div>\n\t\t\t\t\t<\/div>\n\t\t<\/section>\n\t\t\t\t<\/div>","protected":false},"excerpt":{"rendered":"<p>BooBoo Booboo es un panel de gesti\u00f3n integral de env\u00edos. En el panel se puede generar nuevos env\u00edos y seguir el proceso completo, as\u00ed como revisar, en tiempo casi real, el estado individual de cada uno de los env\u00edos generados. [&hellip;]<\/p>\n","protected":false},"author":2,"featured_media":0,"parent":0,"menu_order":0,"comment_status":"closed","ping_status":"closed","template":"","meta":{"footnotes":""},"class_list":["post-11737","page","type-page","status-publish","hentry"],"_links":{"self":[{"href":"https:\/\/agiliacenter.com\/en\/wp-json\/wp\/v2\/pages\/11737","targetHints":{"allow":["GET"]}}],"collection":[{"href":"https:\/\/agiliacenter.com\/en\/wp-json\/wp\/v2\/pages"}],"about":[{"href":"https:\/\/agiliacenter.com\/en\/wp-json\/wp\/v2\/types\/page"}],"author":[{"embeddable":true,"href":"https:\/\/agiliacenter.com\/en\/wp-json\/wp\/v2\/users\/2"}],"replies":[{"embeddable":true,"href":"https:\/\/agiliacenter.com\/en\/wp-json\/wp\/v2\/comments?post=11737"}],"version-history":[{"count":17,"href":"https:\/\/agiliacenter.com\/en\/wp-json\/wp\/v2\/pages\/11737\/revisions"}],"predecessor-version":[{"id":13156,"href":"https:\/\/agiliacenter.com\/en\/wp-json\/wp\/v2\/pages\/11737\/revisions\/13156"}],"wp:attachment":[{"href":"https:\/\/agiliacenter.com\/en\/wp-json\/wp\/v2\/media?parent=11737"}],"curies":[{"name":"wp","href":"https:\/\/api.w.org\/{rel}","templated":true}]}}