{"id":12481,"date":"2021-04-22T11:44:49","date_gmt":"2021-04-22T10:44:49","guid":{"rendered":"https:\/\/agiliacenter.com\/?page_id=12481"},"modified":"2021-04-22T11:45:22","modified_gmt":"2021-04-22T10:45:22","slug":"politica-de-proteccion-de-datos","status":"publish","type":"page","link":"https:\/\/agiliacenter.com\/en\/politica-de-proteccion-de-datos\/","title":{"rendered":"Pol\u00edtica de protecci\u00f3n de datos"},"content":{"rendered":"<p>Sirva la presente para dejar constancia que, de conformidad con lo establecido en el Reglamento General de Protecci\u00f3n de datos de 27 de abril de 2016 relativo a la protecci\u00f3n de las personas f\u00edsicas, en lo que respecta al tratamiento de datos personales, le informamos que sus datos ser\u00e1n incorporados al sistema de tratamiento titularidad de la empresa AGILIA CENTER SL con CIF B90223645 y domicilio social en Sevilla, Cl. Arquitectura 2 torre 11 planta 7, empresa constituida en Sevilla el 25 septiembre de 2015 ante el Notario de Sevilla D. Francisco Jose Aranguren Urriza, inscrita en el registro mercantil de Sevilla en el tomo 6080&nbsp;de sociedades, folio 217, hoja n\u00fam. SE-106712, con la finalidad de atender su demanda.<\/p>\n\n\n\n<p>As\u00ed mismo, en cumplimiento de la normativa vigente,&nbsp;AGILIA CENTER SL&nbsp;informa que el titular de los datos personales que aparece en el Curriculum ha de dar su consentimiento expreso para que dicho Curriculum sea incorporado al sistema de tratamiento de datos para la selecci\u00f3n de profesionales y conoce que:<\/p>\n\n\n\n<ol class=\"wp-block-list\"><li>Los datos facilitados ser\u00e1n de uso \u00fanico y exclusivo para atender las posibles vacantes que se ajusten a su perfil profesional.<\/li><li>En ning\u00fan caso estos datos ser\u00e1n cedidos a terceros ni ser\u00e1n transferidos a pa\u00edses terceros<\/li><li>Los datos ser\u00e1n conservados por un periodo m\u00e1ximo de 3 meses.<\/li><li>Usted tendr\u00e1 derecho a solicitar el derecho de acceso, portabilidad, rectificaci\u00f3n, cancelaci\u00f3n, supresi\u00f3n, rectificaci\u00f3n y\/o portabilidad de sus datos enviando un correo electr\u00f3nico a la direcci\u00f3n&nbsp;<a href=\"mailto:info@agiliacenter.com\" target=\"_blank\" rel=\"noreferrer noopener\">info@agiliacenter.com<\/a><\/li><li>En caso de que los datos facilitados con el Curriculum se refieran a terceras personas f\u00edsicas distintas, usted no est\u00e1 autorizado a dejarnos el documento.<\/li><li>Usted declara que es mayor de dieciocho a\u00f1os.<\/li><li>Usted garantiza la exactitud y veracidad de los datos personales facilitados, comprometi\u00e9ndose a mantenerlos debidamente actualizados y a comunicarnos cualquier variaci\u00f3n que se produzca en los mismos.<\/li><li>En ning\u00fan caso sus datos ser\u00e1n automatizados.<\/li><li>Usted podr\u00e1 presentar una reclamaci\u00f3n ante la AEPD si considera que ha habido alguna irregularidad en el tratamiento de sus datos.<\/li><\/ol>\n\n\n\n<h1 class=\"wp-block-heading\">Pol\u00edtica de protecci\u00f3n de datos<\/h1>\n\n\n\n<p>Mediante este aviso, AGILIA CENTER SL con domicilio social en Sevilla, C\/ Arquitectura n\u00ba 2, Torre 11, Plta 7, (41015) con CIF B90223645 e inscrita en el Registro Mercantil de Sevilla al folio 217 Tomo 6080, hoja SE-106.712 inscripci\u00f3n 1\u00ba y con direcci\u00f3n de correo electr\u00f3nico&nbsp;<a href=\"mailto:info@agiliacenter.com\">info@agiliacenter.com<\/a>&nbsp;&nbsp;(en adelante, AGILIA) informa a los usuarios de los distintos portales de Internet de su propiedad acerca de su pol\u00edtica de protecci\u00f3n de datos de car\u00e1cter personal (en adelante, \u201clos Datos Personales\u201d) para que los Usuarios determinen libre y voluntariamente si desean facilitar a AGILIA los Datos Personales que se les puedan requerir o que se puedan obtener de los Usuarios con ocasi\u00f3n de la suscripci\u00f3n o alta en algunos de los servicios ofrecidos por AGILIA en el Portal o a trav\u00e9s del Portal.<\/p>\n\n\n\n<p>AGILIA se reserva el derecho a modificar la presente pol\u00edtica para adaptarla a novedades legislativas o jurisprudenciales as\u00ed como a pr\u00e1cticas de la industria. En dichos supuestos, AGILIA anunciar\u00e1 en esta p\u00e1gina los cambios introducidos con razonable antelaci\u00f3n a su puesta en pr\u00e1ctica.<\/p>\n\n\n\n<p>El usuario del WebSite de AGILIA podr\u00e1 inscribirse como usuario registrado o como suscriptor de boletines informativos en cualquiera de los WebSites de AGILIA, proporcionando determinados datos de car\u00e1cter personal.<\/p>\n\n\n\n<p>AGILIA respeta la legislaci\u00f3n vigente en materia de protecci\u00f3n de datos personales, la privacidad de los usuarios y el secreto y seguridad de los datos personales, de conformidad con lo establecido en la legislaci\u00f3n aplicable en materia de protecci\u00f3n de datos, en concreto, el Reglamento 2016\/679 del Parlamento Europeo y del Consejo de 27 de abril de 2016, adoptando para ello las medidas t\u00e9cnicas y organizativas necesarias para evitar la p\u00e9rdida, mal uso, alteraci\u00f3n, acceso no autorizado y robo de los datos personales facilitados, habida cuenta del estado de la tecnolog\u00eda, la naturaleza de los datos y los riesgos a los que est\u00e1n expuestos.<\/p>\n\n\n\n<p>Ciertos servicios prestados en el Portal pueden contener condiciones particulares con previsiones espec\u00edficas en materia de protecci\u00f3n de Datos Personales.<\/p>\n\n\n\n<h2 class=\"wp-block-heading\"><strong>Prestaci\u00f3n del servicio<\/strong><\/h2>\n\n\n\n<p>Conscientes de la importancia que para los usuarios tiene la protecci\u00f3n de su intimidad AGILIA ofrece un servicio con la m\u00e1s alta de confidencialidad y seguridad atendiendo a la tecnolog\u00eda del momento actual con el objetivo de salvaguardar la privacidad de sus comunicaciones electr\u00f3nicas y los datos personales que en la transmisi\u00f3n de las mismas se generen. No obstante, y a pesar de que esta entidad ha implementado todas las medidas exigidas para los distintos niveles de seguridad al objeto de evitar cualquier incidencia que pudiera afectar a un mal uso de sus datos por parte de terceros ileg\u00edtimos, deber ser consciente de que estas medidas de seguridad no son inexpugnables por lo que AGILIA no ser\u00e1 responsable por los da\u00f1os que terceros malintencionados pudieran ocasionar mediante un acceso no autorizado a los sistemas de informaci\u00f3n de AGILIA en los que se albergan los datos personales de los usuarios.<\/p>\n\n\n\n<h2 class=\"wp-block-heading\"><strong>Registro de ficheros y formularios<\/strong><\/h2>\n\n\n\n<p>Al solicitar alguno de nuestros servicios, sus datos personales se incorporar\u00e1n a un fichero correspondiente al tipo de servicio solicitado cuyo responsable es AGILIA. El usuario declara estar informado y da su consentimiento expreso para que AGILIA proceda al tratamiento automatizado de dichos datos aunque, no obstante lo anterior, dicho consentimiento podr\u00e1 ser revocado en cualquier momento por el afectado causando baja de nuestro sistema seg\u00fan el procedimiento que m\u00e1s adelante se expondr\u00e1.<\/p>\n\n\n\n<h2 class=\"wp-block-heading\"><strong>Tratamiento de datos<\/strong><\/h2>\n\n\n\n<p>Los datos de car\u00e1cter personal ser\u00e1n objeto de tratamiento cuando sean adecuados, pertinentes y no excesivos en relaci\u00f3n con el \u00e1mbito y las finalidades para las que se hayan obtenido de acuerdo con lo dispuesto en la Legislaci\u00f3n actual. Los datos que el usuario suministra a AGILIA mediante el acceso a cualquiera de los servicios que presta tienen por finalidad determinar sus \u00e1reas de inter\u00e9s de cara a mejorar la satisfacci\u00f3n de la relaci\u00f3n contractual. Para ello se tratar\u00e1n sus datos por medios automatizados con el objetivo de obtener perfiles de usuario que permitan la realizaci\u00f3n de marketing directo y el env\u00edo de comunicaciones comerciales, por la v\u00eda que se estime m\u00e1s conveniente en cada caso, y entre ellas, sin \u00e1nimo de ser exhaustivo, se recurrir\u00e1 a sms\/mms, e-mail, llamadas autom\u00e1ticas u otros dispositivos operados manual o autom\u00e1ticamente que permitan la realizaci\u00f3n de estas funciones. Los datos obtenidos ser\u00e1n tratados con la m\u00e1xima confidencialidad y reserva, aplicando las medidas de seguridad m\u00e1s elevadas.Los titulares de otros sitios Web que deseen crear un hiperv\u00ednculo a www.agiliacenter.com, se comprometen a no establecer enlaces a sitios Web en los que no aparezca el logotipo de Agilia Center y a no realizar manifestaciones falsas, inexactas o incorrectas, que puedan inducir a error o, en general, que sean contrarias a las leyes.<\/p>\n\n\n\n<h2 class=\"wp-block-heading\"><strong>Consentimiento<\/strong><\/h2>\n\n\n\n<p>En virtud de lo anteriormente expuesto,&nbsp;<strong>usted debe prestar su consentimiento de manera expresa y previa para que sus datos puedan ser tratados<\/strong>. Asimismo, le recordamos que en cualquier momento podr\u00e1n ejercitar los derechos de acceso, rectificaci\u00f3n, cancelaci\u00f3n, portabilidad, oposici\u00f3n as\u00ed como todos aquellos que la legislaci\u00f3n le concede sobre sus datos enviando un e-mail a&nbsp;<a href=\"mailto:info@agiliacenter.com\">info@agiliacenter.com<\/a>&nbsp;&nbsp;con sus datos personales indic\u00e1ndonos en su solicitud los servicios sobre los que quiere ejercer sus derechos.<\/p>\n\n\n\n<h2 class=\"wp-block-heading\"><strong>Cesi\u00f3n<\/strong><\/h2>\n\n\n\n<p>Es posible que necesitemos transferir su informaci\u00f3n a otras compa\u00f1\u00edas del Grupo AGILIA o a proveedores de servicios en pa\u00edses que se encuentran fuera de la Comunidad Econ\u00f3mica Europea (CEE). La CEE est\u00e1 formada por los pa\u00edses pertenecientes a la Uni\u00f3n Europea, adem\u00e1s de Suiza, Islandia, Liechtenstein y Noruega: se considera que cuentan con leyes equivalentes en materia de protecci\u00f3n de datos y privacidad. Este tipo de transferencias de datos pueden suceder si nuestros servidores o nuestros proveedores de servicios est\u00e1n situados en pa\u00edses no pertenecientes a la CEE, o si usa nuestros servicios y productos durante visitas a pa\u00edses no pertenecientes a la CEE.<\/p>\n\n\n\n<p>Si AGILIA manda informaci\u00f3n a un pa\u00eds que no forma parte de la CEE, nos aseguraremos de que su informaci\u00f3n es protegida de manera apropiada. Siempre nos aseguraremos de la existencia de un contrato apropiado que cubra la transferencia de datos. Adem\u00e1s, si se considera que el pa\u00eds no tiene leyes equivalentes a los est\u00e1ndares de protecci\u00f3n de datos de la UE, pediremos al tercero que entre en un acuerdo legal que refleje dichos est\u00e1ndares. Adem\u00e1s, en el caso de que sea necesario, solicitaremos con car\u00e1cter previo, la autorizaci\u00f3n de la Agencia Espa\u00f1ola de Protecci\u00f3n de Datos para quedar habilitados para realizar la transferencia internacional.<\/p>\n\n\n\n<p>No obstante lo anterior, el usuario puede revocar en cualquier momento el consentimiento prestado, y ejercitar los derechos que le asisten, siguiendo el procedimiento indicado en el apartado referido al consentimiento<\/p>","protected":false},"excerpt":{"rendered":"<p>Sirva la presente para dejar constancia que, de conformidad con lo establecido en el Reglamento General de Protecci\u00f3n de datos de 27 de abril de 2016 relativo a la protecci\u00f3n de las personas f\u00edsicas, en lo que respecta al tratamiento [&hellip;]<\/p>","protected":false},"author":2,"featured_media":0,"parent":0,"menu_order":0,"comment_status":"closed","ping_status":"closed","template":"","meta":{"footnotes":""},"class_list":["post-12481","page","type-page","status-publish","hentry"],"_links":{"self":[{"href":"https:\/\/agiliacenter.com\/en\/wp-json\/wp\/v2\/pages\/12481","targetHints":{"allow":["GET"]}}],"collection":[{"href":"https:\/\/agiliacenter.com\/en\/wp-json\/wp\/v2\/pages"}],"about":[{"href":"https:\/\/agiliacenter.com\/en\/wp-json\/wp\/v2\/types\/page"}],"author":[{"embeddable":true,"href":"https:\/\/agiliacenter.com\/en\/wp-json\/wp\/v2\/users\/2"}],"replies":[{"embeddable":true,"href":"https:\/\/agiliacenter.com\/en\/wp-json\/wp\/v2\/comments?post=12481"}],"version-history":[{"count":1,"href":"https:\/\/agiliacenter.com\/en\/wp-json\/wp\/v2\/pages\/12481\/revisions"}],"predecessor-version":[{"id":12482,"href":"https:\/\/agiliacenter.com\/en\/wp-json\/wp\/v2\/pages\/12481\/revisions\/12482"}],"wp:attachment":[{"href":"https:\/\/agiliacenter.com\/en\/wp-json\/wp\/v2\/media?parent=12481"}],"curies":[{"name":"wp","href":"https:\/\/api.w.org\/{rel}","templated":true}]}}