{"id":15912,"date":"2025-02-10T16:44:43","date_gmt":"2025-02-10T15:44:43","guid":{"rendered":"https:\/\/agiliacenter.com\/?page_id=15912"},"modified":"2025-02-11T11:57:40","modified_gmt":"2025-02-11T10:57:40","slug":"data-management-policy","status":"publish","type":"page","link":"https:\/\/agiliacenter.com\/es\/data-management-policy\/","title":{"rendered":"Data Management Policy"},"content":{"rendered":"\t\t<div data-elementor-type=\"wp-page\" data-elementor-id=\"15912\" class=\"elementor elementor-15912\">\n\t\t\t\t\t\t<section class=\"elementor-section elementor-top-section elementor-element elementor-element-9e61ef8 elementor-section-stretched elementor-section-boxed elementor-section-height-default elementor-section-height-default\" data-id=\"9e61ef8\" data-element_type=\"section\" data-settings=\"{&quot;stretch_section&quot;:&quot;section-stretched&quot;,&quot;background_background&quot;:&quot;classic&quot;,&quot;shape_divider_bottom&quot;:&quot;tilt&quot;}\">\n\t\t\t\t\t<div class=\"elementor-shape elementor-shape-bottom\" aria-hidden=\"true\" data-negative=\"false\">\n\t\t\t<svg xmlns=\"http:\/\/www.w3.org\/2000\/svg\" viewBox=\"0 0 1000 100\" preserveAspectRatio=\"none\">\n\t<path class=\"elementor-shape-fill\" d=\"M0,6V0h1000v100L0,6z\"\/>\n<\/svg>\t\t<\/div>\n\t\t\t\t\t<div class=\"elementor-container elementor-column-gap-default\">\n\t\t\t\t\t<div class=\"elementor-column elementor-col-100 elementor-top-column elementor-element elementor-element-ecf00b2\" data-id=\"ecf00b2\" data-element_type=\"column\" data-settings=\"{&quot;starto_ext_is_scrollme&quot;:&quot;false&quot;,&quot;starto_ext_is_smoove&quot;:&quot;false&quot;,&quot;starto_ext_is_parallax_mouse&quot;:&quot;false&quot;,&quot;starto_ext_is_infinite&quot;:&quot;false&quot;}\">\n\t\t\t<div class=\"elementor-widget-wrap elementor-element-populated\">\n\t\t\t\t\t\t<div class=\"elementor-element elementor-element-a146953 elementor-widget__width-auto elementor-widget-tablet__width-inherit elementor-widget elementor-widget-heading\" data-id=\"a146953\" data-element_type=\"widget\" data-settings=\"{&quot;starto_ext_is_scrollme&quot;:&quot;false&quot;,&quot;starto_ext_is_parallax_mouse&quot;:&quot;false&quot;,&quot;starto_ext_is_infinite&quot;:&quot;false&quot;}\" data-widget_type=\"heading.default\">\n\t\t\t\t<div class=\"elementor-widget-container\">\n\t\t\t\t\t<h2 class=\"elementor-heading-title elementor-size-default\">Pol\u00edtica Sistema De Gesti\u00f3n De La \nSeguridad De La Informaci\u00f3n<\/h2>\t\t\t\t<\/div>\n\t\t\t\t<\/div>\n\t\t\t\t<div class=\"elementor-element elementor-element-fc00efa elementor-widget elementor-widget-spacer\" data-id=\"fc00efa\" data-element_type=\"widget\" data-settings=\"{&quot;starto_ext_is_scrollme&quot;:&quot;false&quot;,&quot;starto_ext_is_smoove&quot;:&quot;false&quot;,&quot;starto_ext_is_parallax_mouse&quot;:&quot;false&quot;,&quot;starto_ext_is_infinite&quot;:&quot;false&quot;}\" data-widget_type=\"spacer.default\">\n\t\t\t\t<div class=\"elementor-widget-container\">\n\t\t\t\t\t\t\t<div class=\"elementor-spacer\">\n\t\t\t<div class=\"elementor-spacer-inner\"><\/div>\n\t\t<\/div>\n\t\t\t\t\t\t<\/div>\n\t\t\t\t<\/div>\n\t\t\t\t\t<\/div>\n\t\t<\/div>\n\t\t\t\t\t<\/div>\n\t\t<\/section>\n\t\t\t\t<section class=\"elementor-section elementor-top-section elementor-element elementor-element-8ccec23 elementor-section-boxed elementor-section-height-default elementor-section-height-default\" data-id=\"8ccec23\" data-element_type=\"section\">\n\t\t\t\t\t\t<div class=\"elementor-container elementor-column-gap-default\">\n\t\t\t\t\t<div class=\"elementor-column elementor-col-100 elementor-top-column elementor-element elementor-element-48b8752\" data-id=\"48b8752\" data-element_type=\"column\" data-settings=\"{&quot;starto_ext_is_scrollme&quot;:&quot;false&quot;,&quot;starto_ext_is_smoove&quot;:&quot;false&quot;,&quot;starto_ext_is_parallax_mouse&quot;:&quot;false&quot;,&quot;starto_ext_is_infinite&quot;:&quot;false&quot;}\">\n\t\t\t<div class=\"elementor-widget-wrap elementor-element-populated\">\n\t\t\t\t\t\t<div class=\"elementor-element elementor-element-438d143 elementor-widget elementor-widget-text-editor\" data-id=\"438d143\" data-element_type=\"widget\" data-settings=\"{&quot;starto_ext_is_scrollme&quot;:&quot;false&quot;,&quot;starto_ext_is_smoove&quot;:&quot;false&quot;,&quot;starto_ext_is_parallax_mouse&quot;:&quot;false&quot;,&quot;starto_ext_is_infinite&quot;:&quot;false&quot;}\" data-widget_type=\"text-editor.default\">\n\t\t\t\t<div class=\"elementor-widget-container\">\n\t\t\t\t\t\t\t\t\t<div><p>La Direcci\u00f3n de Agilia Center SL ante la creciente competitividad del sector de la tecnolog\u00eda y mayores exigencias por parte de los usuarios, considera la seguridad de la informaci\u00f3n y la calidad en su sistema de gesti\u00f3n, un aspecto fundamental y tiene como objetivo prestar servicios reconocidos por su calidad, con \u00f3ptimos \u00edndices de fiabilidad, asegurando los correctos niveles de confidencialidad de la informaci\u00f3n, as\u00ed como la integridad de los datos.<\/p><div>\u00a0<\/div><div>La calidad del servicio son objetivos estrat\u00e9gicos de nuestro Sistema Integrado, ofreciendo una respuesta r\u00e1pida y as\u00ed lograr la plena satisfacci\u00f3n y superar las expectativas del cliente y ser reconocida en el sector, asegurando para esto un compromiso de mejora continua.<\/div><div>\u00a0<\/div><div>Como empresa de servicios Agilia Center SL tiene como objetivo, que la calidad y seguridad de los mismos que ofrece, sean fiel reflejo de las expectativas de cada usuario y de las partes interesadas, asegurando el consiguiente \u00e9xito futuro de la empresa.<\/div><div>\u00a0<\/div><div>Para alcanzar dichos objetivos, la direcci\u00f3n proporciona los recursos adecuados para el mantenimiento y mejora del Sistema Gesti\u00f3n de la SEGURIDAD DE LA INFORMACION con la ISO 27001, participa activamente en el establecimiento y seguimiento de objetivos estrat\u00e9gicos de SEGURIDAD, as\u00ed como en la revisi\u00f3n del Sistema Integrado, y lleva a cabo las acciones formativas necesarias en materia de Seguridad de la informaci\u00f3n en la gesti\u00f3n.<\/div><div>\u00a0<\/div><div>En todas sus actividades la empresa mantiene firme el cumplimiento con la legislaci\u00f3n vigente y especialmente la relativa a la protecci\u00f3n de datos personales y lo relativo a la prestaci\u00f3n de nuestros servicios, as\u00ed como el cumplimiento de los compromisos contractuales adquiridos con sus usuarios y terceras partes.<\/div><div>\u00a0<\/div><div>Para hacer efectivo lo anteriormente expuesto la Direcci\u00f3n consciente de la importancia de la calidad en la gesti\u00f3n de nuestro sistema y la Seguridad de la Informaci\u00f3n, ha decidido implantar un Sistema de Gesti\u00f3n basado en la norma UNE-EN ISO\/ IEC 27001 en nuestros procesos.<\/div><div>\u00a0<\/div><div>Esta direcci\u00f3n declara y asume los siguientes principios:<\/div><div>\u00a0<\/div><ul style=\"margin-left: 50px;\"><li style=\"text-align: left;\">La calidad en nuestra gesti\u00f3n y la seguridad en la informaci\u00f3n es una labor com\u00fan de todas las \u00e1reas de la empresa.<\/li><\/ul><div style=\"text-align: left;\">\u00a0<\/div><ul style=\"margin-left: 50px;\"><li>Cada integrante de Agilia Center SL es responsable de los Activos de informaci\u00f3n de su trabajo.<\/li><\/ul><div style=\"text-align: left;\">\u00a0<\/div><ul style=\"margin-left: 50px;\"><li>La direcci\u00f3n es responsable de impulsar la implantaci\u00f3n de esta pol\u00edtica, comprobando su ejecuci\u00f3n mediante auditorias.<\/li><\/ul><div style=\"text-align: left;\">\u00a0<\/div><ul style=\"margin-left: 50px;\"><li>La aplicaci\u00f3n de esta Pol\u00edtica exige la integraci\u00f3n activa de todo el equipo humano de la empresa. Para conseguirlo, la direcci\u00f3n considera prioritarias la motivaci\u00f3n y la formaci\u00f3n.<\/li><\/ul><div style=\"text-align: left;\">\u00a0<\/div><div>Esta Direcci\u00f3n asume el compromiso de cumplir con los requisitos y mejorar continuamente la eficacia del sistema de Gesti\u00f3n.<\/div><div>\u00a0<\/div><div>Para el cumplimiento de esta pol\u00edtica, para dirigirnos hacia el rumbo fijado, el Liderazgo y consecuentemente el progreso y bienestar de las personas que integramos la organizaci\u00f3n, debemos tener presente dos aspectos que nos ayudar\u00e1n en este objetivo:<\/div><div>\u00a0<\/div><ul style=\"margin-left: 50px;\"><li>La correcta identificaci\u00f3n de los errores es la \u00fanica v\u00eda hacia una mejora continua.<\/li><\/ul><div>\u00a0<\/div><ul style=\"margin-left: 50px;\"><li>La organizaci\u00f3n es una cadena, cada uno de nosotros s\u00f3lo un eslab\u00f3n, nuestro trabajo en equipo y nuestro fuerte compromiso es lo que nos diferencia y nos hace \u00fanicos.<\/li><\/ul><\/div>\t\t\t\t\t\t\t\t<\/div>\n\t\t\t\t<\/div>\n\t\t\t\t\t<\/div>\n\t\t<\/div>\n\t\t\t\t\t<\/div>\n\t\t<\/section>\n\t\t\t\t<section class=\"elementor-section elementor-top-section elementor-element elementor-element-b9255eb elementor-section-boxed elementor-section-height-default elementor-section-height-default\" data-id=\"b9255eb\" data-element_type=\"section\">\n\t\t\t\t\t\t<div class=\"elementor-container elementor-column-gap-default\">\n\t\t\t\t\t<div class=\"elementor-column elementor-col-100 elementor-top-column elementor-element elementor-element-16787de\" data-id=\"16787de\" data-element_type=\"column\" data-settings=\"{&quot;starto_ext_is_scrollme&quot;:&quot;false&quot;,&quot;starto_ext_is_smoove&quot;:&quot;false&quot;,&quot;starto_ext_is_parallax_mouse&quot;:&quot;false&quot;,&quot;starto_ext_is_infinite&quot;:&quot;false&quot;}\">\n\t\t\t<div class=\"elementor-widget-wrap elementor-element-populated\">\n\t\t\t\t\t\t<div class=\"elementor-element elementor-element-3060c3a elementor-widget elementor-widget-heading\" data-id=\"3060c3a\" data-element_type=\"widget\" data-settings=\"{&quot;starto_ext_is_scrollme&quot;:&quot;false&quot;,&quot;starto_ext_is_smoove&quot;:&quot;false&quot;,&quot;starto_ext_is_parallax_mouse&quot;:&quot;false&quot;,&quot;starto_ext_is_infinite&quot;:&quot;false&quot;}\" data-widget_type=\"heading.default\">\n\t\t\t\t<div class=\"elementor-widget-container\">\n\t\t\t\t\t<h2 class=\"elementor-heading-title elementor-size-default\">La Direcci\u00f3n<\/h2>\t\t\t\t<\/div>\n\t\t\t\t<\/div>\n\t\t\t\t\t<\/div>\n\t\t<\/div>\n\t\t\t\t\t<\/div>\n\t\t<\/section>\n\t\t\t\t<section class=\"elementor-section elementor-top-section elementor-element elementor-element-e40dea1 elementor-section-boxed elementor-section-height-default elementor-section-height-default\" data-id=\"e40dea1\" data-element_type=\"section\">\n\t\t\t\t\t\t<div class=\"elementor-container elementor-column-gap-default\">\n\t\t\t\t\t<div class=\"elementor-column elementor-col-100 elementor-top-column elementor-element elementor-element-9877bc8\" data-id=\"9877bc8\" data-element_type=\"column\" data-settings=\"{&quot;starto_ext_is_scrollme&quot;:&quot;false&quot;,&quot;starto_ext_is_smoove&quot;:&quot;false&quot;,&quot;starto_ext_is_parallax_mouse&quot;:&quot;false&quot;,&quot;starto_ext_is_infinite&quot;:&quot;false&quot;}\">\n\t\t\t<div class=\"elementor-widget-wrap elementor-element-populated\">\n\t\t\t\t\t\t<div class=\"elementor-element elementor-element-f398d1b elementor-widget elementor-widget-image\" data-id=\"f398d1b\" data-element_type=\"widget\" data-settings=\"{&quot;starto_ext_is_scrollme&quot;:&quot;false&quot;,&quot;starto_ext_is_smoove&quot;:&quot;false&quot;,&quot;starto_ext_is_parallax_mouse&quot;:&quot;false&quot;,&quot;starto_ext_is_infinite&quot;:&quot;false&quot;}\" data-widget_type=\"image.default\">\n\t\t\t\t<div class=\"elementor-widget-container\">\n\t\t\t\t\t\t\t\t\t\t\t\t\t\t\t<img decoding=\"async\" width=\"229\" height=\"143\" src=\"https:\/\/agiliacenter.com\/wp-content\/uploads\/2025\/02\/agilia_signature.webp\" class=\"attachment-large size-large wp-image-15938\" alt=\"\" \/>\t\t\t\t\t\t\t\t\t\t\t\t\t\t\t<\/div>\n\t\t\t\t<\/div>\n\t\t\t\t<div class=\"elementor-element elementor-element-258d647 elementor-widget elementor-widget-spacer\" data-id=\"258d647\" data-element_type=\"widget\" data-settings=\"{&quot;starto_ext_is_scrollme&quot;:&quot;false&quot;,&quot;starto_ext_is_smoove&quot;:&quot;false&quot;,&quot;starto_ext_is_parallax_mouse&quot;:&quot;false&quot;,&quot;starto_ext_is_infinite&quot;:&quot;false&quot;}\" data-widget_type=\"spacer.default\">\n\t\t\t\t<div class=\"elementor-widget-container\">\n\t\t\t\t\t\t\t<div class=\"elementor-spacer\">\n\t\t\t<div class=\"elementor-spacer-inner\"><\/div>\n\t\t<\/div>\n\t\t\t\t\t\t<\/div>\n\t\t\t\t<\/div>\n\t\t\t\t\t<\/div>\n\t\t<\/div>\n\t\t\t\t\t<\/div>\n\t\t<\/section>\n\t\t\t\t<\/div>\n\t\t","protected":false},"excerpt":{"rendered":"<p>Pol\u00edtica Sistema De Gesti\u00f3n De La Seguridad De La Informaci\u00f3n La Direcci\u00f3n de Agilia Center SL ante la creciente competitividad del sector de la tecnolog\u00eda y mayores exigencias por parte de los usuarios, considera la seguridad de la informaci\u00f3n y [&hellip;]<\/p>\n","protected":false},"author":3,"featured_media":0,"parent":0,"menu_order":0,"comment_status":"closed","ping_status":"closed","template":"","meta":{"footnotes":""},"class_list":["post-15912","page","type-page","status-publish","hentry"],"_links":{"self":[{"href":"https:\/\/agiliacenter.com\/es\/wp-json\/wp\/v2\/pages\/15912","targetHints":{"allow":["GET"]}}],"collection":[{"href":"https:\/\/agiliacenter.com\/es\/wp-json\/wp\/v2\/pages"}],"about":[{"href":"https:\/\/agiliacenter.com\/es\/wp-json\/wp\/v2\/types\/page"}],"author":[{"embeddable":true,"href":"https:\/\/agiliacenter.com\/es\/wp-json\/wp\/v2\/users\/3"}],"replies":[{"embeddable":true,"href":"https:\/\/agiliacenter.com\/es\/wp-json\/wp\/v2\/comments?post=15912"}],"version-history":[{"count":22,"href":"https:\/\/agiliacenter.com\/es\/wp-json\/wp\/v2\/pages\/15912\/revisions"}],"predecessor-version":[{"id":15969,"href":"https:\/\/agiliacenter.com\/es\/wp-json\/wp\/v2\/pages\/15912\/revisions\/15969"}],"wp:attachment":[{"href":"https:\/\/agiliacenter.com\/es\/wp-json\/wp\/v2\/media?parent=15912"}],"curies":[{"name":"wp","href":"https:\/\/api.w.org\/{rel}","templated":true}]}}