{"id":7122,"date":"2020-01-31T05:19:31","date_gmt":"2020-01-31T05:19:31","guid":{"rendered":"https:\/\/themes.themegoods.com\/starto\/?page_id=7122"},"modified":"2025-01-16T09:00:43","modified_gmt":"2025-01-16T08:00:43","slug":"proyectos","status":"publish","type":"page","link":"https:\/\/agiliacenter.com\/es\/proyectos\/","title":{"rendered":"Proyectos de Agilia Center"},"content":{"rendered":"\t\t<div data-elementor-type=\"wp-page\" data-elementor-id=\"7122\" class=\"elementor elementor-7122\">\n\t\t\t\t\t\t<section class=\"elementor-section elementor-top-section elementor-element elementor-element-13aa1ed elementor-section-full_width elementor-section-height-min-height elementor-section-stretched elementor-section-height-default elementor-section-items-middle\" data-id=\"13aa1ed\" data-element_type=\"section\" data-settings=\"{&quot;stretch_section&quot;:&quot;section-stretched&quot;,&quot;background_background&quot;:&quot;classic&quot;}\">\n\t\t\t\t\t\t<div class=\"elementor-container elementor-column-gap-default\">\n\t\t\t\t\t<div class=\"elementor-column elementor-col-100 elementor-top-column elementor-element elementor-element-ebffdbb\" data-id=\"ebffdbb\" data-element_type=\"column\" data-settings=\"{&quot;starto_ext_is_scrollme&quot;:&quot;false&quot;,&quot;starto_ext_is_smoove&quot;:&quot;false&quot;,&quot;starto_ext_is_parallax_mouse&quot;:&quot;false&quot;,&quot;starto_ext_is_infinite&quot;:&quot;false&quot;}\">\n\t\t\t<div class=\"elementor-widget-wrap elementor-element-populated\">\n\t\t\t\t\t\t<div class=\"elementor-element elementor-element-bf57214 elementor-widget elementor-widget-heading\" data-id=\"bf57214\" data-element_type=\"widget\" data-settings=\"{&quot;starto_ext_is_scrollme&quot;:&quot;false&quot;,&quot;starto_ext_is_smoove&quot;:&quot;false&quot;,&quot;starto_ext_is_parallax_mouse&quot;:&quot;false&quot;,&quot;starto_ext_is_infinite&quot;:&quot;false&quot;}\" data-widget_type=\"heading.default\">\n\t\t\t\t<div class=\"elementor-widget-container\">\n\t\t\t\t\t<h2 class=\"elementor-heading-title elementor-size-default\">Nuestros Casos de \u00c9xito<\/h2>\t\t\t\t<\/div>\n\t\t\t\t<\/div>\n\t\t\t\t\t<\/div>\n\t\t<\/div>\n\t\t\t\t\t<\/div>\n\t\t<\/section>\n\t\t\t\t<section class=\"elementor-section elementor-top-section elementor-element elementor-element-4fb22dc elementor-section-boxed elementor-section-height-default elementor-section-height-default\" data-id=\"4fb22dc\" data-element_type=\"section\" data-settings=\"{&quot;background_background&quot;:&quot;classic&quot;}\">\n\t\t\t\t\t\t\t<div class=\"elementor-background-overlay\"><\/div>\n\t\t\t\t\t\t\t<div class=\"elementor-container elementor-column-gap-default\">\n\t\t\t\t\t<div class=\"elementor-column elementor-col-100 elementor-top-column elementor-element elementor-element-81affbe\" data-id=\"81affbe\" data-element_type=\"column\" data-settings=\"{&quot;starto_ext_is_scrollme&quot;:&quot;false&quot;,&quot;starto_ext_is_smoove&quot;:&quot;false&quot;,&quot;starto_ext_is_parallax_mouse&quot;:&quot;false&quot;,&quot;starto_ext_is_infinite&quot;:&quot;false&quot;}\">\n\t\t\t<div class=\"elementor-widget-wrap elementor-element-populated\">\n\t\t\t\t\t\t<div class=\"elementor-element elementor-element-deaf7a2 elementor-widget elementor-widget-starto-portfolio-contain\" data-id=\"deaf7a2\" data-element_type=\"widget\" data-settings=\"{&quot;starto_ext_is_scrollme&quot;:&quot;false&quot;,&quot;starto_ext_is_smoove&quot;:&quot;false&quot;,&quot;starto_ext_is_parallax_mouse&quot;:&quot;false&quot;,&quot;starto_ext_is_infinite&quot;:&quot;false&quot;}\" data-widget_type=\"starto-portfolio-contain.default\">\n\t\t\t\t<div class=\"elementor-widget-container\">\n\t\t\t\t\t<div class=\"portfolio-classic-container contain\">\n<div class=\"starto-portfolio-filter-wrapper\">\n\t\t<a class=\"filter-tag-btn active\" href=\"javascript:;\" data-rel=\"all\" data-cols=\"3\">All<\/a>\n\t\t\t<a class=\"filter-tag-btn\" href=\"javascript:;\" data-rel=\"desarrollo-a-medida\" data-cols=\"3\">Desarrollo a medida<\/a>\n\t\t\t<a class=\"filter-tag-btn\" href=\"javascript:;\" data-rel=\"innovaci--n\" data-cols=\"3\">Innovaci\u00f3n<\/a>\n\t<\/div>\n<div class=\"portfolio-classic-content-wrapper portfolio-classic layout-starto-three-cols \" data-cols=\"3\">\n\t\t<div class=\"portfolio-classic-grid-wrapper starto-three-cols   portfolio-1 tile scale-anm desarrollo-a-medida all filterable smoove disable_tablet slide-up\" data-delay=\"150\" data-minwidth=\"769\" data-move-y=\"60px\">\n\t\t\t<div class=\"portfolio-classic-img grid_tilt\">\n\t\t\t\t<img decoding=\"async\" src=\"https:\/\/agiliacenter.com\/wp-content\/uploads\/2021\/04\/Anphibius-min-610x610.webp\" alt=\"\" \/>\n\t\t\t\n\t\t\t\t<div>\t\t\n\t\t\t\t\t<a href=\"https:\/\/agiliacenter.com\/proyectos-anph\/\"  ><\/a>\n\t\t\t\t<\/div>\n\t\t\t<\/div>\n\t\t\t<br class=\"clear\"\/>\n\t\t\t<div class=\"portfolio-classic-content\">\n\t\t\t\t<h3 class=\"portfolio-classic_title\"><a href=\"https:\/\/agiliacenter.com\/proyectos-anph\/\"  >Anphibius<\/a><\/h3>\n\t\t\t\t<div class=\"portfolio-classic-subtitle\"><\/div>\n\t\t\t<\/div>\n\t\t<\/div>\n\t\t<div class=\"portfolio-classic-grid-wrapper starto-three-cols   portfolio-2 tile scale-anm desarrollo-a-medida all filterable smoove disable_tablet slide-up\" data-delay=\"300\" data-minwidth=\"769\" data-move-y=\"60px\">\n\t\t\t<div class=\"portfolio-classic-img grid_tilt\">\n\t\t\t\t<img decoding=\"async\" src=\"https:\/\/agiliacenter.com\/wp-content\/uploads\/2021\/04\/BooBoo-min-610x610.jpg\" alt=\"\" \/>\n\t\t\t\n\t\t\t\t<div>\t\t\n\t\t\t\t\t<a href=\"https:\/\/agiliacenter.com\/proyectos-booboo\/\"  ><\/a>\n\t\t\t\t<\/div>\n\t\t\t<\/div>\n\t\t\t<br class=\"clear\"\/>\n\t\t\t<div class=\"portfolio-classic-content\">\n\t\t\t\t<h3 class=\"portfolio-classic_title\"><a href=\"https:\/\/agiliacenter.com\/proyectos-booboo\/\"  >BooBoo<\/a><\/h3>\n\t\t\t\t<div class=\"portfolio-classic-subtitle\"><\/div>\n\t\t\t<\/div>\n\t\t<\/div>\n\t\t<div class=\"portfolio-classic-grid-wrapper starto-three-cols last  portfolio-3 tile scale-anm desarrollo-a-medida all filterable smoove disable_tablet slide-up\" data-delay=\"450\" data-minwidth=\"769\" data-move-y=\"60px\">\n\t\t\t<div class=\"portfolio-classic-img grid_tilt\">\n\t\t\t\t<img decoding=\"async\" src=\"https:\/\/agiliacenter.com\/wp-content\/uploads\/2021\/04\/Sanidae-min-610x610.jpg\" alt=\"\" \/>\n\t\t\t\n\t\t\t\t<div>\t\t\n\t\t\t\t\t<a href=\"https:\/\/agiliacenter.com\/hogar-salud\/\"  ><\/a>\n\t\t\t\t<\/div>\n\t\t\t<\/div>\n\t\t\t<br class=\"clear\"\/>\n\t\t\t<div class=\"portfolio-classic-content\">\n\t\t\t\t<h3 class=\"portfolio-classic_title\"><a href=\"https:\/\/agiliacenter.com\/hogar-salud\/\"  >Hogar Salud<\/a><\/h3>\n\t\t\t\t<div class=\"portfolio-classic-subtitle\"><\/div>\n\t\t\t<\/div>\n\t\t<\/div>\n\t\t<div class=\"portfolio-classic-grid-wrapper starto-three-cols   portfolio-4 tile scale-anm desarrollo-a-medida all filterable smoove disable_tablet slide-up\" data-delay=\"150\" data-minwidth=\"769\" data-move-y=\"60px\">\n\t\t\t<div class=\"portfolio-classic-img grid_tilt\">\n\t\t\t\t<img decoding=\"async\" src=\"https:\/\/agiliacenter.com\/wp-content\/uploads\/2021\/04\/Reserva-tu-visita-min-610x610.jpg\" alt=\"\" \/>\n\t\t\t\n\t\t\t\t<div>\t\t\n\t\t\t\t\t<a href=\"https:\/\/agiliacenter.com\/proyectos-agencia-del-agua\/\"  ><\/a>\n\t\t\t\t<\/div>\n\t\t\t<\/div>\n\t\t\t<br class=\"clear\"\/>\n\t\t\t<div class=\"portfolio-classic-content\">\n\t\t\t\t<h3 class=\"portfolio-classic_title\"><a href=\"https:\/\/agiliacenter.com\/proyectos-agencia-del-agua\/\"  >Agencia del Agua<\/a><\/h3>\n\t\t\t\t<div class=\"portfolio-classic-subtitle\"><\/div>\n\t\t\t<\/div>\n\t\t<\/div>\n\t\t<div class=\"portfolio-classic-grid-wrapper starto-three-cols   portfolio-5 tile scale-anm desarrollo-a-medida all filterable smoove disable_tablet slide-up\" data-delay=\"300\" data-minwidth=\"769\" data-move-y=\"60px\">\n\t\t\t<div class=\"portfolio-classic-img grid_tilt\">\n\t\t\t\t<img decoding=\"async\" src=\"https:\/\/agiliacenter.com\/wp-content\/uploads\/2021\/04\/Ibergestion-min-610x610.jpg\" alt=\"\" \/>\n\t\t\t\n\t\t\t\t<div>\t\t\n\t\t\t\t\t<a href=\"https:\/\/agiliacenter.com\/proyectos-ibergestion\/\"  ><\/a>\n\t\t\t\t<\/div>\n\t\t\t<\/div>\n\t\t\t<br class=\"clear\"\/>\n\t\t\t<div class=\"portfolio-classic-content\">\n\t\t\t\t<h3 class=\"portfolio-classic_title\"><a href=\"https:\/\/agiliacenter.com\/proyectos-ibergestion\/\"  >Ibergesti\u00f3n<\/a><\/h3>\n\t\t\t\t<div class=\"portfolio-classic-subtitle\"><\/div>\n\t\t\t<\/div>\n\t\t<\/div>\n\t\t<div class=\"portfolio-classic-grid-wrapper starto-three-cols last  portfolio-6 tile scale-anm desarrollo-a-medida all filterable smoove disable_tablet slide-up\" data-delay=\"450\" data-minwidth=\"769\" data-move-y=\"60px\">\n\t\t\t<div class=\"portfolio-classic-img grid_tilt\">\n\t\t\t\t<img decoding=\"async\" src=\"https:\/\/agiliacenter.com\/wp-content\/uploads\/2021\/04\/Ayuntamiento-de-Huelva-min-610x610.jpg\" alt=\"\" \/>\n\t\t\t\n\t\t\t\t<div>\t\t\n\t\t\t\t\t<a href=\"https:\/\/agiliacenter.com\/proyectos-ayuntamiento-de-huelva\/\"  ><\/a>\n\t\t\t\t<\/div>\n\t\t\t<\/div>\n\t\t\t<br class=\"clear\"\/>\n\t\t\t<div class=\"portfolio-classic-content\">\n\t\t\t\t<h3 class=\"portfolio-classic_title\"><a href=\"https:\/\/agiliacenter.com\/proyectos-ayuntamiento-de-huelva\/\"  >Ayuntamiento de Huelva<\/a><\/h3>\n\t\t\t\t<div class=\"portfolio-classic-subtitle\"><\/div>\n\t\t\t<\/div>\n\t\t<\/div>\n\t\t<div class=\"portfolio-classic-grid-wrapper starto-three-cols   portfolio-7 tile scale-anm desarrollo-a-medida all filterable smoove disable_tablet slide-up\" data-delay=\"150\" data-minwidth=\"769\" data-move-y=\"60px\">\n\t\t\t<div class=\"portfolio-classic-img grid_tilt\">\n\t\t\t\t<img decoding=\"async\" src=\"https:\/\/agiliacenter.com\/wp-content\/uploads\/2021\/04\/ATC-Ediciones-min-610x610.jpg\" alt=\"\" \/>\n\t\t\t\n\t\t\t\t<div>\t\t\n\t\t\t\t\t<a href=\"https:\/\/agiliacenter.com\/proyectos-atc-ediciones\/\"  ><\/a>\n\t\t\t\t<\/div>\n\t\t\t<\/div>\n\t\t\t<br class=\"clear\"\/>\n\t\t\t<div class=\"portfolio-classic-content\">\n\t\t\t\t<h3 class=\"portfolio-classic_title\"><a href=\"https:\/\/agiliacenter.com\/proyectos-atc-ediciones\/\"  >ATC Ediciones<\/a><\/h3>\n\t\t\t\t<div class=\"portfolio-classic-subtitle\"><\/div>\n\t\t\t<\/div>\n\t\t<\/div>\n\t\t<div class=\"portfolio-classic-grid-wrapper starto-three-cols   portfolio-8 tile scale-anm innovaci--n all filterable smoove disable_tablet slide-up\" data-delay=\"300\" data-minwidth=\"769\" data-move-y=\"60px\">\n\t\t\t<div class=\"portfolio-classic-img grid_tilt\">\n\t\t\t\t<img decoding=\"async\" src=\"https:\/\/agiliacenter.com\/wp-content\/uploads\/2021\/04\/Diseno-sin-titulo-37-1-610x610.png\" alt=\"\" \/>\n\t\t\t\n\t\t\t\t<div>\t\t\n\t\t\t\t\t<a href=\"https:\/\/agiliacenter.com\/proyectos-smarter-neotec\/\"  ><\/a>\n\t\t\t\t<\/div>\n\t\t\t<\/div>\n\t\t\t<br class=\"clear\"\/>\n\t\t\t<div class=\"portfolio-classic-content\">\n\t\t\t\t<h3 class=\"portfolio-classic_title\"><a href=\"https:\/\/agiliacenter.com\/proyectos-smarter-neotec\/\"  >SMARTER<\/a><\/h3>\n\t\t\t\t<div class=\"portfolio-classic-subtitle\"><\/div>\n\t\t\t<\/div>\n\t\t<\/div>\n\t\t<div class=\"portfolio-classic-grid-wrapper starto-three-cols last  portfolio-9 tile scale-anm innovaci--n all filterable smoove disable_tablet slide-up\" data-delay=\"450\" data-minwidth=\"769\" data-move-y=\"60px\">\n\t\t\t<div class=\"portfolio-classic-img grid_tilt\">\n\t\t\t\t<img decoding=\"async\" src=\"https:\/\/agiliacenter.com\/wp-content\/uploads\/2021\/04\/TRANGO-1-min-1-610x610.png\" alt=\"\" \/>\n\t\t\t\n\t\t\t\t<div>\t\t\n\t\t\t\t\t<a href=\"https:\/\/trango.agiliacenter.com\/\"  ><\/a>\n\t\t\t\t<\/div>\n\t\t\t<\/div>\n\t\t\t<br class=\"clear\"\/>\n\t\t\t<div class=\"portfolio-classic-content\">\n\t\t\t\t<h3 class=\"portfolio-classic_title\"><a href=\"https:\/\/trango.agiliacenter.com\/\"  >Trango<\/a><\/h3>\n\t\t\t\t<div class=\"portfolio-classic-subtitle\"><\/div>\n\t\t\t<\/div>\n\t\t<\/div>\n\t\t<div class=\"portfolio-classic-grid-wrapper starto-three-cols   portfolio-10 tile scale-anm innovaci--n all filterable smoove disable_tablet slide-up\" data-delay=\"150\" data-minwidth=\"769\" data-move-y=\"60px\">\n\t\t\t<div class=\"portfolio-classic-img grid_tilt\">\n\t\t\t\t<img decoding=\"async\" src=\"https:\/\/agiliacenter.com\/wp-content\/uploads\/2022\/10\/t2ues-main-610x610.png\" alt=\"T2UES image\" \/>\n\t\t\t\n\t\t\t\t<div>\t\t\n\t\t\t\t\t<a href=\"https:\/\/agiliacenter.com\/proyectos-t2ues-poctep\/\"  ><\/a>\n\t\t\t\t<\/div>\n\t\t\t<\/div>\n\t\t\t<br class=\"clear\"\/>\n\t\t\t<div class=\"portfolio-classic-content\">\n\t\t\t\t<h3 class=\"portfolio-classic_title\"><a href=\"https:\/\/agiliacenter.com\/proyectos-t2ues-poctep\/\"  >T2UES<\/a><\/h3>\n\t\t\t\t<div class=\"portfolio-classic-subtitle\"><\/div>\n\t\t\t<\/div>\n\t\t<\/div>\n<br class=\"clear\"\/>\n<\/div>\n<\/div>\t\t\t\t<\/div>\n\t\t\t\t<\/div>\n\t\t\t\t\t<\/div>\n\t\t<\/div>\n\t\t\t\t\t<\/div>\n\t\t<\/section>\n\t\t\t\t<\/div>\n\t\t","protected":false},"excerpt":{"rendered":"<p>Nuestros Casos de \u00c9xito All Desarrollo a medida Innovaci\u00f3n Anphibius BooBoo Hogar Salud Agencia del Agua Ibergesti\u00f3n Ayuntamiento de Huelva ATC Ediciones SMARTER Trango T2UES<\/p>\n","protected":false},"author":2,"featured_media":0,"parent":0,"menu_order":0,"comment_status":"closed","ping_status":"closed","template":"","meta":{"footnotes":""},"class_list":["post-7122","page","type-page","status-publish","hentry"],"_links":{"self":[{"href":"https:\/\/agiliacenter.com\/es\/wp-json\/wp\/v2\/pages\/7122","targetHints":{"allow":["GET"]}}],"collection":[{"href":"https:\/\/agiliacenter.com\/es\/wp-json\/wp\/v2\/pages"}],"about":[{"href":"https:\/\/agiliacenter.com\/es\/wp-json\/wp\/v2\/types\/page"}],"author":[{"embeddable":true,"href":"https:\/\/agiliacenter.com\/es\/wp-json\/wp\/v2\/users\/2"}],"replies":[{"embeddable":true,"href":"https:\/\/agiliacenter.com\/es\/wp-json\/wp\/v2\/comments?post=7122"}],"version-history":[{"count":178,"href":"https:\/\/agiliacenter.com\/es\/wp-json\/wp\/v2\/pages\/7122\/revisions"}],"predecessor-version":[{"id":15891,"href":"https:\/\/agiliacenter.com\/es\/wp-json\/wp\/v2\/pages\/7122\/revisions\/15891"}],"wp:attachment":[{"href":"https:\/\/agiliacenter.com\/es\/wp-json\/wp\/v2\/media?parent=7122"}],"curies":[{"name":"wp","href":"https:\/\/api.w.org\/{rel}","templated":true}]}}